{"id":78,"date":"2023-09-07T23:15:01","date_gmt":"2023-09-07T21:15:01","guid":{"rendered":"https:\/\/virtual-conference-center.com\/db-systemtechnik\/?page_id=78"},"modified":"2023-09-14T21:46:43","modified_gmt":"2023-09-14T19:46:43","slug":"output","status":"publish","type":"page","link":"https:\/\/virtual-conference-center.com\/db-systemtechnik\/","title":{"rendered":"OUTPUT"},"content":{"rendered":"<p><span style=\"font-family: arial black, sans-serif; color: #999999;\">DB Systemtechnik am Tag der Schiene 2023&nbsp;<br \/>\n<\/span><\/p>\n<p><span style=\"font-family: arial black, sans-serif; color: #999999;\">Career-Train @ BAHNVERBAND e.V. &#8211; Systematische Vernetzung von Angebot und Nachfrage.<\/span><\/p>\n<p style=\"text-align: center;\"><span style=\"color: #ffffff;\">=<\/span><\/p>\n<p style=\"text-align: center;\"><a href=\"https:\/\/online-videokonferenz.de\/rooms\/p13-ntu-kyl-uxv\/join\" target=\"_blank\" rel=\"noopener\"><img loading=\"lazy\" decoding=\"async\" class=\"aligncenter\" src=\"https:\/\/bahntechnik-symposium.de\/fileserver11\/archiv\/partner-vignetten\/db-systemtechnik-career-train-2023px600.png\" alt=\"\" width=\"400\" height=\"394\"><\/a><\/p>\n<p style=\"text-align: right;\"><span style=\"color: #ffffff;\">=<\/span><\/p>\n<p><span style=\"font-size: 14pt;\">[1.]&nbsp; <strong>LIVE-STREAM<br \/>\n<\/strong><\/span><\/p>\n<p style=\"text-align: right;\"><span style=\"color: #ffffff;\">.<\/span><\/p>\n<blockquote>\n<h3>Der Live-Stream startet am 15.09.2023 um 09:30 Uhr:<\/h3>\n<div data-post-id=\"79\" class=\"insert-page insert-page-79 \"><blockquote><section class=\" magee-shortcode section magee-section section-dfgj1n\" id=\"\"> <div class=\"section-content\"><div class=\"container-fullwidth\"><\/p>\n<p>Sie sind nur noch einen Klick vom Live-Stream im Online-Konferenzraum entfernt:<\/p>\n<p>&nbsp;<a class=\"fasc-button fasc-size-xlarge fasc-type-glossy fasc-rounded-medium ico-fa fasc-ico-before fa-check-circle fasc-style-bold\" style=\"background-color: #ff0000; color: #ffffff;\" target=\"_blank\" href=\"https:\/\/online-videokonferenz.de\/rooms\/p13-ntu-kyl-uxv\/join\" rel=\"noopener\">Startknopf Live-Stream &gt;&gt;&gt; DB Systemtechnik<\/a><\/p>\n<p><span style=\"font-size: 10pt;\" role=\"listitem\" data-test=\"msgListItem\">&gt;&gt;&gt;<span role=\"listitem\" data-test=\"msgListItem\"><strong><a class=\"fasc-button fasc-size-medium fasc-type-flat\" style=\"background-color: #ffffff; color: #000000;\" target=\"_blank\" href=\"https:\/\/bahnverband.info\/virtual-train-anmeldeformular\/\" rel=\"noopener\">Bitte melden Sie sich beim BAHNVERBAND an:<\/a><\/strong><\/span> &nbsp; <strong><span style=\"background-color: #ffff00;\"><a class=\"fasc-button fasc-size-medium fasc-type-flat ico-fa fasc-ico-before fa-exchange\" style=\"background-color: #ff0000; color: #ffffff;\" target=\"_blank\" href=\"https:\/\/bahnverband.info\/virtual-train-anmeldeformular\/\" rel=\"noopener\">Online-Anmeldeformular<\/a> <\/span><\/strong><\/span><\/p>\n<p><span style=\"font-size: 10pt;\">&gt;&gt;&gt; &nbsp; <strong>SCHNELLE HILFE<\/strong> bei technischen Problemen erhalten Sie hier: &nbsp; <a class=\"fasc-button fasc-size-medium fasc-type-flat fasc-ico-before dashicons-arrow-right-alt\" style=\"background-color: #777777; color: #ffffff;\" target=\"_blank\" rel=\"noopener\" href=\"https:\/\/virtual-conference-center.com\/hilfe\/\">Orga-Team vom Bahnverband e.V.<\/a><\/span><\/p>\n<p><span style=\"font-size: 8pt;\">&gt;&gt;&gt; Rechtliche Hinweise: <a href=\"https:\/\/zentralsekretariat.de\/datenschutz\/\" target=\"_blank\" rel=\"noopener\">Datenschutzbestimmungen<\/a> \/&nbsp; <a href=\"https:\/\/technik-netzwerk.de\/sonderbedingungen\/\" target=\"_blank\" rel=\"noopener\">Nutzungsbedingungen \/ Sonderbedingungen<\/a> f\u00fcr die Teilnahme am Live-Stream.<\/span><\/p>\n<p><\/div><\/div> <\/section><\/blockquote>\n<\/div>\n<p style=\"text-align: right;\"><span style=\"color: #ffffff;\">.<\/span><\/p>\n<p style=\"padding-left: 40px;\"><span style=\"font-family: arial black, sans-serif; color: #999999;\"><strong>Optionales Informations- und Kommunikationsangebot:<\/strong><\/span><br \/>\n&nbsp;<br \/>\n<section class=\" magee-shortcode section magee-section section-ai8jrz\" id=\"\"> <div class=\"section-content\"><div class=\"container-fullwidth\"><div data-post-id=\"52\" class=\"insert-page insert-page-52 \"><p><a href=\"https:\/\/virtual-conference-center.com\/db-systemtechnik\/wp-content\/uploads\/sites\/9\/Bewirb-dich-bei-Europas-groesstem-Kompetenzzentrum-fuer-Bahntechnik.pdf\">Bewirb dich bei Europas gr\u00f6\u00dftem Kompetenzzentrum f\u00fcr Bahntechnik!<\/a><\/p>\n<\/div><\/div><\/div> <\/section><\/p>\n<\/blockquote>\n<p style=\"text-align: right;\"><span style=\"color: #ffffff;\">.<\/span><\/p>\n<p style=\"text-align: right;\"><span style=\"color: #ffffff;\">.<\/span><\/p>\n<hr>\n<p style=\"text-align: right;\"><span style=\"color: #ffffff;\">.<\/span><\/p>\n<p style=\"text-align: right;\"><span style=\"color: #ffffff;\">.<\/span><\/p>\n<p><span style=\"font-size: 14pt;\">[2.]&nbsp; <strong>Kontaktpersonen \/ Anfragen<\/strong>:<\/span><\/p>\n<p>&nbsp;<\/p>\n<h3>Ihre Ansprechpartner:<\/h3>\n<p style=\"text-align: right;\"><span style=\"color: #ffffff;\">.<\/span><\/p>\n<p style=\"padding-left: 40px;\"><section class=\" magee-shortcode section magee-section section-ke8ggn\" id=\"\"> <div class=\"section-content\"><div class=\"container-fullwidth\"><br \/>\n&nbsp;<br \/>\n<div data-post-id=\"46\" class=\"insert-page insert-page-46 \"><p><strong>Ob Festanstellung, eine Azubi-Stelle oder eine Position als Werkstuden:in &#8211; bei uns bist Du richtig!<\/strong><\/p>\n<p>Wir freuen uns darauf, von Dir zu h\u00f6ren:<\/p>\n<p>E-Mail: <a href=\"DBST_Bewerbungen@deutschebahn.com\">DBST_Bewerbungen@deutschebahn.com\u00a0<\/a><\/p>\n<p style=\"text-align: right\"><span style=\"color: #ffffff\">\u00a0<\/span><\/p>\n<p>&nbsp;<\/p>\n<p>&nbsp;<\/p>\n<p style=\"text-align: right\"><span style=\"color: #ffffff\">\u00a0<\/span><\/p>\n<\/div>\n&nbsp;<br \/>\n<\/div><\/div> <\/section><\/p>\n<p style=\"text-align: right;\"><span style=\"color: #ffffff;\">.<\/span><\/p>\n<p style=\"text-align: right;\"><span style=\"color: #ffffff;\">.<\/span><\/p>\n<hr>\n<p style=\"text-align: right;\"><span style=\"color: #ffffff;\">.<\/span><\/p>\n<p style=\"text-align: right;\"><span style=\"color: #ffffff;\">.<\/span><\/p>\n<p><span style=\"font-size: 14pt;\">[3.]&nbsp; <strong>Download<\/strong>-Bereich:<\/span><\/p>\n<p>&nbsp;<\/p>\n<h3>UNTERLAGEN zum Download:<\/h3>\n<p style=\"text-align: right;\"><span style=\"color: #ffffff;\">.<\/span><\/p>\n<p style=\"padding-left: 40px;\"><section class=\" magee-shortcode section magee-section section-0l6gwg\" id=\"\"> <div class=\"section-content\"><div class=\"container-fullwidth\"><br \/>\n&nbsp;<br \/>\n<div data-post-id=\"44\" class=\"insert-page insert-page-44 \"><p><strong>Informationen f\u00fcr den Einstieg \/ Unternehmensinformationen:<\/strong><\/p>\n<ul>\n<li><a href=\"https:\/\/virtual-conference-center.com\/db-systemtechnik\/wp-content\/uploads\/sites\/9\/Wer-wir-sind.pdf\">Wer wir sind<\/a><\/li>\n<li><a href=\"https:\/\/www.db-systemtechnik.de\/dbst-de\">Weitere Informationen auf unserer Website<\/a><\/li>\n<li><a href=\"https:\/\/www.db-systemtechnik.de\/dbst-de\/Karriere\">Link zum Karrierebereich auf unserer Website<\/a><\/li>\n<\/ul>\n<p>&nbsp;<\/p>\n<p><strong>Aktuelle Stellenangebote \/ Karrierem\u00f6glichkeiten:<\/strong><\/p>\n<ul>\n<li><a href=\"https:\/\/www.db-systemtechnik.de\/dbst-de\/Karriere\/Offene-Stellen-6163262\">Unsere offenen Stellen<\/a><\/li>\n<\/ul>\n<p>&nbsp;<\/p>\n<\/div>\n&nbsp;<br \/>\n<\/div><\/div> <\/section><\/p>\n<p style=\"text-align: right;\"><span style=\"color: #ffffff;\">.<\/span><\/p>\n<p style=\"text-align: right;\"><span style=\"color: #ffffff;\">.<\/span><\/p>\n<hr>\n<p style=\"text-align: right;\"><span style=\"color: #ffffff;\">.<\/span><\/p>\n<p style=\"text-align: right;\"><span style=\"color: #ffffff;\">.<\/span><\/p>\n<p><span style=\"font-size: 14pt;\">[4.]&nbsp; <strong>Firmeninformationen<\/strong> \/ Homepage:<\/span><\/p>\n<p>&nbsp;<\/p>\n<p><a href=\"https:\/\/bahnverband.info\/db-systemtechnik\" target=\"_blank\" rel=\"noopener\"><img loading=\"lazy\" decoding=\"async\" class=\"aligncenter\" src=\"https:\/\/bahntechnik-symposium.de\/fileserver11\/ffk\/vignetten\/db-systemtechnik_bahnverband-ffk_800.png\" alt=\"\" width=\"800\" height=\"446\"><\/a><\/p>\n<p style=\"text-align: right;\">&gt;&gt;&gt; Firmen-Informationen &gt;&gt;&gt; <a class=\"fasc-button fasc-size-medium fasc-type-glossy fasc-rounded-medium\" style=\"background-color: #ff0000; color: #ffffff;\" target=\"_blank\" rel=\"noopener\" href=\"https:\/\/bahnverband.info\/db-systemtechnik\/\">Bahnverband.info\/db-systemtechnik<\/a><\/p>\n<p style=\"text-align: right;\"><span style=\"color: #ffffff;\">.<\/span><\/p>\n<p style=\"text-align: right;\"><span style=\"color: #ffffff;\">.<\/span><\/p>\n<hr>\n<p style=\"text-align: right;\"><span style=\"color: #ffffff;\">.<\/span><\/p>\n<p style=\"text-align: right;\">###<\/p>\n<p>&nbsp;<\/p>\n","protected":false},"excerpt":{"rendered":"<p>DB Systemtechnik am Tag der Schiene 2023&nbsp; Career-Train @ BAHNVERBAND e.V. &#8211; Systematische Vernetzung von Angebot und Nachfrage. = = [1.]&nbsp; LIVE-STREAM . Der Live-Stream startet am 15.09.2023 um 09:30 Uhr: &nbsp; . Optionales Informations- und Kommunikationsangebot: &nbsp; . . . . [2.]&nbsp; Kontaktpersonen \/ Anfragen: &nbsp; Ihre Ansprechpartner: . . . . . [3.]&nbsp; [&hellip;]<\/p>\n","protected":false},"author":1,"featured_media":0,"parent":0,"menu_order":0,"comment_status":"closed","ping_status":"closed","template":"","meta":{"footnotes":""},"_links":{"self":[{"href":"https:\/\/virtual-conference-center.com\/db-systemtechnik\/wp-json\/wp\/v2\/pages\/78"}],"collection":[{"href":"https:\/\/virtual-conference-center.com\/db-systemtechnik\/wp-json\/wp\/v2\/pages"}],"about":[{"href":"https:\/\/virtual-conference-center.com\/db-systemtechnik\/wp-json\/wp\/v2\/types\/page"}],"author":[{"embeddable":true,"href":"https:\/\/virtual-conference-center.com\/db-systemtechnik\/wp-json\/wp\/v2\/users\/1"}],"replies":[{"embeddable":true,"href":"https:\/\/virtual-conference-center.com\/db-systemtechnik\/wp-json\/wp\/v2\/comments?post=78"}],"version-history":[{"count":28,"href":"https:\/\/virtual-conference-center.com\/db-systemtechnik\/wp-json\/wp\/v2\/pages\/78\/revisions"}],"predecessor-version":[{"id":239,"href":"https:\/\/virtual-conference-center.com\/db-systemtechnik\/wp-json\/wp\/v2\/pages\/78\/revisions\/239"}],"wp:attachment":[{"href":"https:\/\/virtual-conference-center.com\/db-systemtechnik\/wp-json\/wp\/v2\/media?parent=78"}],"curies":[{"name":"wp","href":"https:\/\/api.w.org\/{rel}","templated":true}]}}